{"id":25,"date":"2016-06-04T02:40:16","date_gmt":"2016-06-04T02:40:16","guid":{"rendered":"http:\/\/jonathankemp.info\/2016\/?page_id=25"},"modified":"2021-08-23T17:26:26","modified_gmt":"2021-08-23T17:26:26","slug":"contact","status":"publish","type":"page","link":"https:\/\/jonathankemp.info\/2016\/fr\/contact\/","title":{"rendered":"Contact"},"content":{"rendered":"<div class=\"be-section         clearfix\" data-headerscheme=\"background--dark\" style=\" \"  ><div class=\"be-section-pad clearfix \" style=\" padding-top:90px;padding-bottom:90px;\" data-padding-top = \"90\"><div  class=\"be-row be-wrap clearfix \"><div  class=\"one-half column-block  no-background    \" data-animation=\"\" style=\"  \"><div class=\"be-custom-column-inner\"><p><img class=\"aligncenter wp-image-142\" src=\"http:\/\/jonathankemp.info\/2016\/wp-content\/uploads\/2016\/06\/john_01_1920.jpg\" alt=\"john_01_1920\" width=\"602\" height=\"188\"><\/p>\n<p style=\"text-align: right;\">Passionn\u00e9 d&#8217;images et en qu\u00eate perp\u00e9tuelle de d\u00e9fis \u00e0 la hauteur de ses ambitions, Jonathan repousse ses limites cr\u00e9atives depuis plus de 15 ans.<br \/>\nIl&nbsp;vit, travaille et s&#8217;amuse \u00e0 Montr\u00e9al.<\/p>\n<p style=\"text-align: right;\">Jonathan n&#8217;est pr\u00e9sentement pas disponible pour travailler \u00e0 la pige.<\/p>\n<p class=\"not_transparent\" style=\"text-align: right;\">jkemp@jonathankemp.info<\/p>\n<p style=\"text-align: right;\"><a href=\"https:\/\/www.behance.net\/jkemp2711\" target=\"_blank\" rel=\"noopener\"><img class=\"alignnone wp-image-44\" src=\"http:\/\/jonathankemp.info\/2016\/wp-content\/uploads\/2016\/06\/icon__0006_Behance.png\" alt=\"icon__0006_Behance\" width=\"30\" height=\"30\"><\/a><a href=\"https:\/\/ca.linkedin.com\/in\/jonathan-kemp-87ab114b\" target=\"_blank\" rel=\"noopener\"><img class=\"alignnone wp-image-41\" src=\"http:\/\/jonathankemp.info\/2016\/wp-content\/uploads\/2016\/06\/icon__0003_linkedin.png\" alt=\"icon__0003_linkedin\" width=\"30\" height=\"30\"><\/a><a href=\"https:\/\/www.facebook.com\/jonathan.kemp.9081\" target=\"_blank\" rel=\"noopener\"><img class=\"alignnone wp-image-39\" src=\"http:\/\/jonathankemp.info\/2016\/wp-content\/uploads\/2016\/06\/icon__0001_facebook.png\" alt=\"icon__0001_facebook\" width=\"30\" height=\"30\"><\/a><a href=\"https:\/\/vimeo.com\/user17706772\" target=\"_blank\" rel=\"noopener\"><img class=\"alignnone wp-image-42\" src=\"http:\/\/jonathankemp.info\/2016\/wp-content\/uploads\/2016\/06\/icon__0004_vimeo.png\" alt=\"icon__0004_vimeo\" width=\"30\" height=\"30\"><\/a><\/p>\n<p>&nbsp;<\/p>\n<\/div><\/div><div  class=\"one-half column-block  no-background    \" data-animation=\"\" style=\"  \"><div class=\"be-custom-column-inner\"><div class=\"contact_form contact_form_module style1 style1-input\">\n\t\t\t\t\t\t<form method=\"post\" class=\"contact\">\n\t\t\t\t\t\t\t<fieldset class=\"field_name contact_fieldset\">\n\t\t\t\t\t\t\t\t<input type=\"text\" name=\"contact_name\" class=\"txt autoclear\" placeholder=\"Name\" style=\"background-color: #efefef;color: #000000;border-width: 1px; border-style: solid;border-color: #d1d1d1; height: 50px;\" \/>\n\t\t\t\t\t\t\t<\/fieldset>\n\t\t\t\t\t\t\t<fieldset class=\"field_email contact_fieldset\">\n\t\t\t\t\t\t\t\t<input type=\"text\" name=\"contact_email\" class=\"txt autoclear\" placeholder=\"Email\" style=\"background-color: #efefef;color: #000000;border-width: 1px; border-style: solid;border-color: #d1d1d1; height: 50px;\" \/>\n\t\t\t\t\t\t\t<\/fieldset><fieldset class=\"field_subject contact_fieldset\">\n\t\t\t\t\t\t\t\t<input type=\"text\" name=\"contact_subject\" class=\"txt autoclear\" placeholder=\"Subject\" style=\"background-color: #efefef;color: #000000;border-width: 1px; border-style: solid;border-color: #d1d1d1; height: 50px;\" \/>\n\t\t\t\t\t\t<\/fieldset><fieldset class=\"field_comment contact_fieldset\">\n\t\t\t\t\t\t\t\t<textarea name=\"contact_comment\" class=\"txt_area autoclear\" placeholder=\"Message\" style=\"background-color: #efefef;color: #000000;border-width: 1px; border-style: solid;border-color: #d1d1d1;\" ><\/textarea>\n\t\t\t\t\t\t\t<\/fieldset>\n\t\t\t\t\t\t\t<fieldset class=\"contact_fieldset submit-fieldset\">\n\t\t\t\t\t\t\t\t<input type=\"submit\" name=\"contact_submit\" value=\"Submit\" class=\"contact_submit be-shortcode mediumbtn be-button rounded\" style=\"background-color: #efefef;color: #000000;\"\/>\n\t\t\t\t\t\t\t\t<div class=\"contact_loader\"><div class=\"font-icon loader-style4-wrap loader-icon\"><\/div><\/div>\n\t\t\t\t\t\t\t<\/fieldset>\n\t\t\t\t\t\t\t<div class=\"contact_status be-notification\"><\/div>\n\t\t\t\t\t\t<\/form>\n\t\t\t\t\t<\/div><\/div><\/div><\/div><\/div><\/div>","protected":false},"excerpt":{"rendered":"<p>Passionn\u00e9 d&#8217;images et en qu\u00eate perp\u00e9tuelle de d\u00e9fis \u00e0 la hauteur de ses ambitions, Jonathan repousse ses limites cr\u00e9atives depuis plus de 15 ans. Il&nbsp;vit, travaille et s&#8217;amuse \u00e0 Montr\u00e9al. [&hellip;]<\/p>\n<p><a href=\"https:\/\/jonathankemp.info\/2016\/fr\/contact\/\" class=\"more-link style1-button\">Read More<\/a><\/p>","protected":false},"author":1,"featured_media":0,"parent":0,"menu_order":0,"comment_status":"closed","ping_status":"closed","template":"","meta":[],"yoast_head":"<!-- This site is optimized with the Yoast SEO plugin v15.9.2 - https:\/\/yoast.com\/wordpress\/plugins\/seo\/ -->\n<title>Contact - Jonathan Kemp<\/title>\n<link rel=\"canonical\" href=\"https:\/\/jonathankemp.info\/2016\/fr\/contact\/\" \/>\n<meta property=\"og:locale\" content=\"en_US\" \/>\n<meta property=\"og:type\" content=\"article\" \/>\n<meta property=\"og:title\" content=\"Contact - Jonathan Kemp\" \/>\n<meta property=\"og:description\" content=\"Passionn\u00e9 d&#8217;images et en qu\u00eate perp\u00e9tuelle de d\u00e9fis \u00e0 la hauteur de ses ambitions, Jonathan repousse ses limites cr\u00e9atives depuis plus de 15 ans. Il&nbsp;vit, travaille et s&#8217;amuse \u00e0 Montr\u00e9al. [&hellip;]\" \/>\n<meta property=\"og:url\" content=\"https:\/\/jonathankemp.info\/2016\/fr\/contact\/\" \/>\n<meta property=\"og:site_name\" content=\"Jonathan Kemp\" \/>\n<meta property=\"article:modified_time\" content=\"2021-08-23T17:26:26+00:00\" \/>\n<meta name=\"twitter:card\" content=\"summary\" \/>\n<script type=\"application\/ld+json\" class=\"yoast-schema-graph\">{\"@context\":\"https:\/\/schema.org\",\"@graph\":[{\"@type\":\"WebSite\",\"@id\":\"https:\/\/jonathankemp.info\/2016\/#website\",\"url\":\"https:\/\/jonathankemp.info\/2016\/\",\"name\":\"Jonathan Kemp\",\"description\":\"Jonathan Kemp - Retouche cr\\u00e9ative \/ Creative retouching, motion design, vfx &amp; 3d\",\"potentialAction\":[{\"@type\":\"SearchAction\",\"target\":\"https:\/\/jonathankemp.info\/2016\/?s={search_term_string}\",\"query-input\":\"required name=search_term_string\"}],\"inLanguage\":\"en-US\"},{\"@type\":\"WebPage\",\"@id\":\"https:\/\/jonathankemp.info\/2016\/fr\/contact\/#webpage\",\"url\":\"https:\/\/jonathankemp.info\/2016\/fr\/contact\/\",\"name\":\"Contact - Jonathan Kemp\",\"isPartOf\":{\"@id\":\"https:\/\/jonathankemp.info\/2016\/#website\"},\"datePublished\":\"2016-06-04T02:40:16+00:00\",\"dateModified\":\"2021-08-23T17:26:26+00:00\",\"breadcrumb\":{\"@id\":\"https:\/\/jonathankemp.info\/2016\/fr\/contact\/#breadcrumb\"},\"inLanguage\":\"en-US\",\"potentialAction\":[{\"@type\":\"ReadAction\",\"target\":[\"https:\/\/jonathankemp.info\/2016\/fr\/contact\/\"]}]},{\"@type\":\"BreadcrumbList\",\"@id\":\"https:\/\/jonathankemp.info\/2016\/fr\/contact\/#breadcrumb\",\"itemListElement\":[{\"@type\":\"ListItem\",\"position\":1,\"item\":{\"@type\":\"WebPage\",\"@id\":\"https:\/\/jonathankemp.info\/2016\/en\/jonathan-kemp-2021-2\/\",\"url\":\"https:\/\/jonathankemp.info\/2016\/en\/jonathan-kemp-2021-2\/\",\"name\":\"Home\"}},{\"@type\":\"ListItem\",\"position\":2,\"item\":{\"@type\":\"WebPage\",\"@id\":\"https:\/\/jonathankemp.info\/2016\/fr\/contact\/\",\"url\":\"https:\/\/jonathankemp.info\/2016\/fr\/contact\/\",\"name\":\"Contact\"}}]}]}<\/script>\n<!-- \/ Yoast SEO plugin. -->","_links":{"self":[{"href":"https:\/\/jonathankemp.info\/2016\/wp-json\/wp\/v2\/pages\/25"}],"collection":[{"href":"https:\/\/jonathankemp.info\/2016\/wp-json\/wp\/v2\/pages"}],"about":[{"href":"https:\/\/jonathankemp.info\/2016\/wp-json\/wp\/v2\/types\/page"}],"author":[{"embeddable":true,"href":"https:\/\/jonathankemp.info\/2016\/wp-json\/wp\/v2\/users\/1"}],"replies":[{"embeddable":true,"href":"https:\/\/jonathankemp.info\/2016\/wp-json\/wp\/v2\/comments?post=25"}],"version-history":[{"count":1,"href":"https:\/\/jonathankemp.info\/2016\/wp-json\/wp\/v2\/pages\/25\/revisions"}],"predecessor-version":[{"id":26,"href":"https:\/\/jonathankemp.info\/2016\/wp-json\/wp\/v2\/pages\/25\/revisions\/26"}],"wp:attachment":[{"href":"https:\/\/jonathankemp.info\/2016\/wp-json\/wp\/v2\/media?parent=25"}],"curies":[{"name":"wp","href":"https:\/\/api.w.org\/{rel}","templated":true}]}}